{"id":4,"date":"2018-02-15T11:20:46","date_gmt":"2018-02-15T11:20:46","guid":{"rendered":"https:\/\/maxenceasparello.fr\/?page_id=4"},"modified":"2025-12-03T06:13:49","modified_gmt":"2025-12-03T06:13:49","slug":"lere-de-lhomme-a-woippy","status":"publish","type":"page","link":"https:\/\/maxenceasparello.fr\/","title":{"rendered":"ACCUEIL"},"content":{"rendered":"<div class=\"wpb-content-wrapper\">[mk_page_section bg_image=\u00a0\u00bbhttps:\/\/maxenceasparello.fr\/wp-content\/uploads\/2018\/02\/bigstock-close-up-cropped-photo-portrai-179639566-nb-1.jpg\u00a0\u00bb bg_position=\u00a0\u00bbcenter top\u00a0\u00bb bg_stretch=\u00a0\u00bbtrue\u00a0\u00bb enable_3d=\u00a0\u00bbtrue\u00a0\u00bb video_mask=\u00a0\u00bbtrue\u00a0\u00bb video_color_mask=\u00a0\u00bb#000000&Prime; section_id=\u00a0\u00bbAccueil\u00a0\u00bb sidebar=\u00a0\u00bbsidebar-1&Prime;][vc_column][mk_padding_divider size=\u00a0\u00bb162&Prime;][vc_single_image image=\u00a0\u00bb160&Prime; img_size=\u00a0\u00bbfull\u00a0\u00bb alignment=\u00a0\u00bbcenter\u00a0\u00bb css_animation=\u00a0\u00bbbounceInDown\u00a0\u00bb css=\u00a0\u00bb\u00a0\u00bb][mk_social_networks size=\u00a0\u00bblarge\u00a0\u00bb icon_color=\u00a0\u00bb#ffffff\u00a0\u00bb icon_hover_color=\u00a0\u00bb#1e73be\u00a0\u00bb align=\u00a0\u00bbcenter\u00a0\u00bb facebook=\u00a0\u00bbhttps:\/\/www.facebook.com\/Maxence-Asparello-coiffeur-cr\u00e9ateur-911394429036330\/\u00a0\u00bb instagram=\u00a0\u00bbhttps:\/\/www.instagram.com\/asparellomaxence\/\u00a0\u00bb][mk_padding_divider size=\u00a0\u00bb100&Prime;][mk_fancy_title color=\u00a0\u00bb#ffffff\u00a0\u00bb size=\u00a0\u00bb30&Prime; force_font_size=\u00a0\u00bbtrue\u00a0\u00bb font_family=\u00a0\u00bbnone\u00a0\u00bb]\n<p style=\"text-align: center;\"><strong><a href=\"tel:0622347647\"><span style=\"color: #ffffff;\">0622347647<\/span><\/a><br \/>\n<span style=\"color: #ffffff;\">Coiffeur \u00e0 domicile<\/span><\/strong><span style=\"color: #ffffff;\"><br \/>\n<\/span><\/p>\n[\/mk_fancy_title][mk_fancy_title size=\u00a0\u00bb30&Prime; force_font_size=\u00a0\u00bbtrue\u00a0\u00bb font_family=\u00a0\u00bbnone\u00a0\u00bb]\n<p style=\"text-align: center;\"><span style=\"color: #ffffff;\">\u00ab Chaque personne est unique et m\u00e9rite du sur-mesure. \u00bb<\/span><\/p>\n[\/mk_fancy_title][\/vc_column][vc_column][\/vc_column][\/mk_page_section][mk_page_section bg_image=\u00a0\u00bbhttps:\/\/maxenceasparello.fr\/wp-content\/uploads\/2018\/02\/bigstock-cropped-photo-portrait-of-man-175949707-nb-2.jpg\u00a0\u00bb bg_stretch=\u00a0\u00bbtrue\u00a0\u00bb enable_3d=\u00a0\u00bbtrue\u00a0\u00bb video_mask=\u00a0\u00bbtrue\u00a0\u00bb video_color_mask=\u00a0\u00bb#ffffff\u00a0\u00bb section_id=\u00a0\u00bbprestations\u00a0\u00bb sidebar=\u00a0\u00bbsidebar-1&Prime;][vc_column][vc_row_inner][vc_column_inner][mk_padding_divider size=\u00a0\u00bb100&Prime;][\/vc_column_inner][\/vc_row_inner][vc_row_inner][vc_column_inner width=\u00a0\u00bb1\/6&Prime;][\/vc_column_inner][vc_column_inner width=\u00a0\u00bb2\/3&Prime;][vc_column_text css=\u00a0\u00bb.vc_custom_1615195455651{margin-bottom: 0px !important;}\u00a0\u00bb]\n<h1 style=\"text-align: center;\">Tarifs<\/h1>\n[\/vc_column_text][vc_column_text css=\u00a0\u00bb.vc_custom_1765283531373{margin-bottom: 0px !important;}\u00a0\u00bb]\n<div class=\"page\" title=\"Page 1\">\n<div class=\"section\">\n<div class=\"layoutArea\">\n<div class=\"column\">\n<p style=\"text-align: center;\"><span style=\"color: #000000;\">PRESTATIONS COUPE<\/span><\/p>\n<p style=\"text-align: center;\"><span style=\"color: #000000;\">Coupe + coiffage &#8230;&#8230;&#8230;&#8230;&#8230;&#8230;&#8230;&#8230;&#8230;&#8230;.. 25\u20ac<\/span><\/p>\n<p style=\"text-align: center;\"><span style=\"color: #000000;\">Taille de barbe &#8230;&#8230;&#8230;&#8230;&#8230;&#8230;&#8230;&#8230;&#8230;&#8230;&#8230;.. 20\u20ac<\/span><\/p>\n<p style=\"text-align: center;\"><span style=\"color: #000000;\">Forfait coupe barbe &#8230;&#8230;&#8230;&#8230;&#8230;&#8230;&#8230;&#8230;&#8230; 39\u20ac<\/span><\/p>\n<p style=\"text-align: center;\"><span style=\"color: #000000;\">Coupe coiffage enfant -12ans&#8230;&#8230;&#8230;&#8230;. 15\u20ac<\/span><\/p>\n<p style=\"text-align: center;\"><span style=\"color: #000000;\">E\u0301tudiant et -18 ans 20% de remise sur toutes les prestations&nbsp;<\/span><\/p>\n<p style=\"text-align: center;\"><span style=\"color: #000000;\">TECHNIQUES<\/span><\/p>\n<p style=\"text-align: center;\"><span style=\"color: #000000;\">Coloration barbe ou cheveux &#8230;&#8230;&#8230;&#8230;.. 20\u20ac<\/span><\/p>\n<p style=\"text-align: center;\"><span style=\"color: #000000;\">De\u0301coloration a\u0300 partir de &#8230;&#8230;&#8230;&#8230;&#8230;&#8230;&#8230;. 20\u20ac<\/span><\/p>\n<p style=\"text-align: center;\"><span style=\"color: #000000;\">Lissage a partir de &#8230;&#8230;&#8230;&#8230;&#8230;&#8230;&#8230;&#8230;&#8230;&#8230; 60\u20ac<\/span><\/p>\n<p style=\"text-align: center;\"><span style=\"color: #000000;\">SUPPLE\u0301MENTS<\/span><\/p>\n<p style=\"text-align: center;\"><span style=\"color: #000000;\">E\u0301pilations nez + oreilles + joues &#8230;&#8230;&#8230;&#8230; 5\u20ac<\/span><\/p>\n<p style=\"text-align: center;\"><span style=\"color: #000000;\">Black Mask&#8230;&#8230;&#8230;&#8230;&#8230;&#8230;&#8230;&#8230;&#8230;&#8230;&#8230;&#8230;&#8230;&#8230;. 5\u20ac<\/span><\/p>\n<p style=\"text-align: center;\">\n<\/div>\n<\/div>\n<\/div>\n<\/div>\n[\/vc_column_text][\/vc_column_inner][vc_column_inner width=\u00a0\u00bb1\/6&Prime;][\/vc_column_inner][\/vc_row_inner][\/vc_column][\/mk_page_section][mk_page_section bg_color=\u00a0\u00bb#000000&Prime; bg_stretch=\u00a0\u00bbtrue\u00a0\u00bb section_id=\u00a0\u00bbqui\u00a0\u00bb sidebar=\u00a0\u00bbsidebar-1&Prime;][vc_column width=\u00a0\u00bb1\/2&Prime;][vc_single_image image=\u00a0\u00bb158&Prime; img_size=\u00a0\u00bbfull\u00a0\u00bb css=\u00a0\u00bb\u00a0\u00bb][\/vc_column][vc_column width=\u00a0\u00bb1\/2&Prime;][mk_padding_divider size=\u00a0\u00bb172&Prime;][vc_column_text css=\u00a0\u00bb.vc_custom_1765283746821{margin-bottom: 0px !important;}\u00a0\u00bb]\n<h3 style=\"text-align: left;\"><span style=\"color: #ff6600;\"><span style=\"color: #ffffff;\">Prendre rdv : <strong>0622347647<\/strong><\/span><br \/>\n<\/span><\/h3>\n[\/vc_column_text][vc_column_text css=\u00a0\u00bb.vc_custom_1765283677161{margin-bottom: 0px !important;}\u00a0\u00bb]\n<p data-start=\"185\" data-end=\"240\"><span style=\"color: #ffffff;\">Une expertise au service de votre style et sans vous d\u00e9placer !<\/span><\/p>\n<p data-start=\"242\" data-end=\"540\">Depuis 2004, je mets ma passion et mon savoir-faire de coiffeur ma\u00eetre barbier au service de chaque client. Form\u00e9 aupr\u00e8s d\u2019un Meilleur Ouvrier de France, j\u2019ai d\u00e9velopp\u00e9 une approche sur mesure de la coiffure : chaque coupe est pens\u00e9e pour \u00eatre unique, adapt\u00e9e \u00e0 votre style et \u00e0 votre personnalit\u00e9.<\/p>\n<p data-start=\"542\" data-end=\"686\">Sp\u00e9cialis\u00e9 dans les prestations de barbier, je r\u00e9alise des rasages traditionnels avec pr\u00e9cision, pour une barbe soign\u00e9e, structur\u00e9e et \u00e9l\u00e9gante.<\/p>\n<p data-start=\"688\" data-end=\"861\">\ud83d\udccd Interventions \u00e0 domicile aux alentours de Metz 57000.<br data-start=\"764\" data-end=\"767\">\ud83d\uddd3\ufe0f Prenez rendez-vous et b\u00e9n\u00e9ficiez d\u2019un service professionnel, \u00e0 la hauteur de vos attentes.<\/p>\n[\/vc_column_text][\/vc_column][\/mk_page_section][mk_page_section full_width=\u00a0\u00bbtrue\u00a0\u00bb section_id=\u00a0\u00bbportfolio\u00a0\u00bb sidebar=\u00a0\u00bbsidebar-1&Prime;][vc_column][mk_gallery images=\u00a0\u00bb13,14,15,16,159&Prime; style=\u00a0\u00bbstyle1&Prime;][\/vc_column][\/mk_page_section]\n<\/div>","protected":false},"excerpt":{"rendered":"<p>[mk_page_section bg_image=\u00a0\u00bbhttps:\/\/maxenceasparello.fr\/wp-content\/uploads\/2018\/02\/bigstock-close-up-cropped-photo-portrai-179639566-nb-1.jpg\u00a0\u00bb bg_position=\u00a0\u00bbcenter top\u00a0\u00bb bg_stretch=\u00a0\u00bbtrue\u00a0\u00bb enable_3d=\u00a0\u00bbtrue\u00a0\u00bb video_mask=\u00a0\u00bbtrue\u00a0\u00bb video_color_mask=\u00a0\u00bb#000000&Prime; section_id=\u00a0\u00bbAccueil\u00a0\u00bb sidebar=\u00a0\u00bbsidebar-1&Prime;][vc_column][mk_padding_divider size=\u00a0\u00bb162&Prime;][vc_single_image image=\u00a0\u00bb160&Prime; img_size=\u00a0\u00bbfull\u00a0\u00bb alignment=\u00a0\u00bbcenter\u00a0\u00bb css_animation=\u00a0\u00bbbounceInDown\u00a0\u00bb css=\u00a0\u00bb\u00a0\u00bb][mk_social_networks size=\u00a0\u00bblarge\u00a0\u00bb icon_color=\u00a0\u00bb#ffffff\u00a0\u00bb icon_hover_color=\u00a0\u00bb#1e73be\u00a0\u00bb align=\u00a0\u00bbcenter\u00a0\u00bb facebook=\u00a0\u00bbhttps:\/\/www.facebook.com\/Maxence-Asparello-coiffeur-cr\u00e9ateur-911394429036330\/\u00a0\u00bb instagram=\u00a0\u00bbhttps:\/\/www.instagram.com\/asparellomaxence\/\u00a0\u00bb][mk_padding_divider size=\u00a0\u00bb100&Prime;][mk_fancy_title color=\u00a0\u00bb#ffffff\u00a0\u00bb size=\u00a0\u00bb30&Prime; force_font_size=\u00a0\u00bbtrue\u00a0\u00bb font_family=\u00a0\u00bbnone\u00a0\u00bb] 0622347647 Coiffeur \u00e0 domicile [\/mk_fancy_title][mk_fancy_title size=\u00a0\u00bb30&Prime; force_font_size=\u00a0\u00bbtrue\u00a0\u00bb font_family=\u00a0\u00bbnone\u00a0\u00bb] \u00ab Chaque personne est unique et m\u00e9rite du sur-mesure. \u00bb [\/mk_fancy_title][\/vc_column][vc_column][\/vc_column][\/mk_page_section][mk_page_section bg_image=\u00a0\u00bbhttps:\/\/maxenceasparello.fr\/wp-content\/uploads\/2018\/02\/bigstock-cropped-photo-portrait-of-man-175949707-nb-2.jpg\u00a0\u00bb bg_stretch=\u00a0\u00bbtrue\u00a0\u00bb enable_3d=\u00a0\u00bbtrue\u00a0\u00bb video_mask=\u00a0\u00bbtrue\u00a0\u00bb video_color_mask=\u00a0\u00bb#ffffff\u00a0\u00bb section_id=\u00a0\u00bbprestations\u00a0\u00bb sidebar=\u00a0\u00bbsidebar-1&Prime;][vc_column][vc_row_inner][vc_column_inner][mk_padding_divider size=\u00a0\u00bb100&Prime;][\/vc_column_inner][\/vc_row_inner][vc_row_inner][vc_column_inner width=\u00a0\u00bb1\/6&Prime;][\/vc_column_inner][vc_column_inner [&hellip;]<\/p>\n","protected":false},"author":1,"featured_media":0,"parent":0,"menu_order":0,"comment_status":"closed","ping_status":"closed","template":"","meta":{"footnotes":""},"class_list":["post-4","page","type-page","status-publish","hentry"],"_links":{"self":[{"href":"https:\/\/maxenceasparello.fr\/index.php?rest_route=\/wp\/v2\/pages\/4","targetHints":{"allow":["GET"]}}],"collection":[{"href":"https:\/\/maxenceasparello.fr\/index.php?rest_route=\/wp\/v2\/pages"}],"about":[{"href":"https:\/\/maxenceasparello.fr\/index.php?rest_route=\/wp\/v2\/types\/page"}],"author":[{"embeddable":true,"href":"https:\/\/maxenceasparello.fr\/index.php?rest_route=\/wp\/v2\/users\/1"}],"replies":[{"embeddable":true,"href":"https:\/\/maxenceasparello.fr\/index.php?rest_route=%2Fwp%2Fv2%2Fcomments&post=4"}],"version-history":[{"count":78,"href":"https:\/\/maxenceasparello.fr\/index.php?rest_route=\/wp\/v2\/pages\/4\/revisions"}],"predecessor-version":[{"id":166,"href":"https:\/\/maxenceasparello.fr\/index.php?rest_route=\/wp\/v2\/pages\/4\/revisions\/166"}],"wp:attachment":[{"href":"https:\/\/maxenceasparello.fr\/index.php?rest_route=%2Fwp%2Fv2%2Fmedia&parent=4"}],"curies":[{"name":"wp","href":"https:\/\/api.w.org\/{rel}","templated":true}]}}